{"id":3249,"date":"2021-06-24T11:07:55","date_gmt":"2021-06-24T11:07:55","guid":{"rendered":"https:\/\/anetasiemieniuk.com\/index.php\/photographer-white\/"},"modified":"2025-03-24T15:27:53","modified_gmt":"2025-03-24T14:27:53","slug":"aneta-siemieniuk","status":"publish","type":"page","link":"https:\/\/anetasiemieniuk.com\/","title":{"rendered":"Aneta Siemieniuk"},"content":{"rendered":"\t\t<div data-elementor-type=\"wp-page\" data-elementor-id=\"3249\" class=\"elementor elementor-3249\">\n\t\t\t\t\t\t<section class=\"elementor-section elementor-top-section elementor-element elementor-element-f9295f2 elementor-section-full_width elementor-section-height-default elementor-section-height-default\" data-id=\"f9295f2\" data-element_type=\"section\">\n\t\t\t\t\t\t<div class=\"elementor-container elementor-column-gap-no\">\n\t\t\t\t\t<div class=\"elementor-column elementor-col-100 elementor-top-column elementor-element elementor-element-d699600\" data-id=\"d699600\" data-element_type=\"column\">\n\t\t\t<div class=\"elementor-widget-wrap elementor-element-populated\">\n\t\t\t\t\t\t<div class=\"elementor-element elementor-element-2170aa1 elementor-widget-mobile__width-inherit elementor-widget elementor-widget-yprm_banner\" data-id=\"2170aa1\" data-element_type=\"widget\" data-widget_type=\"yprm_banner.default\">\n\t\t\t\t<div class=\"elementor-widget-container\">\n\t\t\t\t\t\t<div class=\"banner-wrapper banner-area banner-69da8b879ffc5\" style=\"--transition-speed: 2400ms;\" data-settings=\"{&quot;loop&quot;:true,&quot;speed&quot;:400,&quot;autoplay&quot;:{&quot;delay&quot;:5000,&quot;disableOnInteraction&quot;:false,&quot;pauseOnMouseEnter&quot;:false},&quot;arrows&quot;:false,&quot;dots&quot;:true,&quot;dots_position&quot;:&quot;left-bottom&quot;,&quot;animation&quot;:&quot;&quot;}\">\r\n\t\t\t\t\t\t\t\t\t\t\t\t\t\t\t\t\r\n\t\t\t\t<div class=\"banner banner-items banner-69da8b879ffca pagination-left-bottom\" id=\"banner-69da8b879ffcb\">\r\n          <div class=\"swiper-container\">\r\n            <div class=\"swiper-wrapper\">\r\n                    <div class=\"item swiper-slide item-banner banner-item-69da8b879ffef elementor-repeater-item-1dc1192 tal white\">\r\n        <div class=\"bg-image lazyload\" style=\"background-image:inherit\" data-bg-image=\"url(https:\/\/anetasiemieniuk.com\/wp-content\/uploads\/2025\/02\/KOLAZ-STRONA-kopia-1.webp)\"><\/div>\r\n                  \n    <div class=\"bg-overlay\">\n          <\/div>\n\n                            <div class=\"container\">\r\n          <div class=\"cell bottom\">\r\n\t\t\t\t\t\t\t\t\t\t\t\t\t<div class=\"heading\">\r\n\t\t\t\t\t\t\t\t\t\t\t\t\t\t\t\t<h3 class=\"h\">\r\n\t\t\t\t\t\t\t\t\t\t\t\t\t\t\t\t\t<\/h3>\r\n\t\t\t\t\t\t\t<\/div>\r\n\t\t\t\t\t\t\t\t\t\t\t\t\t\t\t\t\t    \t\t\t\t\t\t\t\t\t\t\t<\/div>\r\n\t\t\t\t<\/div>\r\n\t\t\t<\/div>\r\n\t\t      <div class=\"item swiper-slide item-banner banner-item-69da8b87a0603 elementor-repeater-item-a107ba3 tal inherit\">\r\n        <div class=\"bg-image lazyload\" style=\"background-image:inherit\" data-bg-image=\"url(https:\/\/anetasiemieniuk.com\/wp-content\/uploads\/2024\/07\/zdj-na-strone-3_.png)\"><\/div>\r\n                  \n    <div class=\"bg-overlay\">\n          <\/div>\n\n                            <div class=\"container\">\r\n          <div class=\"cell bottom\">\r\n\t\t\t\t\t\t\t\t\t\t\t\t\t<div class=\"heading\">\r\n\t\t\t\t\t\t\t\t\t\t\t\t\t\t\t\t<h3 class=\"h\">\r\n\t\t\t\t\t\t\t\t\t\t\t\t\t\t\t\t\t<\/h3>\r\n\t\t\t\t\t\t\t<\/div>\r\n\t\t\t\t\t\t\t\t\t\t\t\t\t\t\t\t\t    \t\t\t\t\t\t\t\t\t\t\t<\/div>\r\n\t\t\t\t<\/div>\r\n\t\t\t<\/div>\r\n\t\t      <div class=\"item swiper-slide item-banner banner-item-69da8b87a0b21 elementor-repeater-item-6676abd tal inherit\">\r\n        <div class=\"bg-image lazyload\" style=\"background-image:inherit\" data-bg-image=\"url(https:\/\/anetasiemieniuk.com\/wp-content\/uploads\/2024\/07\/zdj-na-strone-6_.png)\"><\/div>\r\n                  \n    <div class=\"bg-overlay\">\n          <\/div>\n\n                            <div class=\"container\">\r\n          <div class=\"cell middle\">\r\n\t\t\t\t\t\t\t\t\t\t\t\t\t<div class=\"heading\">\r\n\t\t\t\t\t\t\t\t\t\t\t\t\t\t\t\t<h1 class=\"h\">\r\n\t\t\t\t\t\t\t\t\t\t\t\t\t\t\t\t\t<\/h1>\r\n\t\t\t\t\t\t\t<\/div>\r\n\t\t\t\t\t\t\t\t\t\t\t\t\t\t\t\t\t    \t\t\t\t\t\t\t\t\t\t\t<\/div>\r\n\t\t\t\t<\/div>\r\n\t\t\t<\/div>\r\n\t\t      <div class=\"item swiper-slide item-banner banner-item-69da8b87a0f67 elementor-repeater-item-fc28308 tal inherit\">\r\n        <div class=\"bg-image lazyload\" style=\"background-image:inherit\" data-bg-image=\"url(https:\/\/anetasiemieniuk.com\/wp-content\/uploads\/2024\/07\/zdj-na-strone-5.png)\"><\/div>\r\n                  \n    <div class=\"bg-overlay\">\n          <\/div>\n\n                            <div class=\"container\">\r\n          <div class=\"cell middle\">\r\n\t\t\t\t\t\t\t\t\t\t\t\t\t<div class=\"heading\">\r\n\t\t\t\t\t\t\t\t\t\t\t\t\t\t\t\t<h1 class=\"h\">\r\n\t\t\t\t\t\t\t\t\t\t\t\t\t\t\t\t\t<\/h1>\r\n\t\t\t\t\t\t\t<\/div>\r\n\t\t\t\t\t\t\t\t\t\t\t\t\t\t\t\t\t    \t\t\t\t\t\t\t\t\t\t\t<\/div>\r\n\t\t\t\t<\/div>\r\n\t\t\t<\/div>\r\n\t\t            <\/div>\r\n          <\/div>\r\n          \r\n          \r\n          <div class=\"owl-dots\"><\/div>          \r\n\t\t\t\t<\/div>\r\n\r\n\t\t\t<\/div>\r\n\t\t\t\t<\/div>\n\t\t\t\t<\/div>\n\t\t\t\t<section class=\"elementor-section elementor-inner-section elementor-element elementor-element-f5e8112 elementor-section-boxed elementor-section-height-default elementor-section-height-default\" data-id=\"f5e8112\" data-element_type=\"section\">\n\t\t\t\t\t\t<div class=\"elementor-container elementor-column-gap-default\">\n\t\t\t\t\t<div class=\"elementor-column elementor-col-50 elementor-inner-column elementor-element elementor-element-b839f19\" data-id=\"b839f19\" data-element_type=\"column\">\n\t\t\t<div class=\"elementor-widget-wrap\">\n\t\t\t\t\t\t\t<\/div>\n\t\t<\/div>\n\t\t\t\t<div class=\"elementor-column elementor-col-50 elementor-inner-column elementor-element elementor-element-ab2c81e\" data-id=\"ab2c81e\" data-element_type=\"column\">\n\t\t\t<div class=\"elementor-widget-wrap\">\n\t\t\t\t\t\t\t<\/div>\n\t\t<\/div>\n\t\t\t\t\t<\/div>\n\t\t<\/section>\n\t\t\t\t\t<\/div>\n\t\t<\/div>\n\t\t\t\t\t<\/div>\n\t\t<\/section>\n\t\t\t\t<section class=\"elementor-section elementor-top-section elementor-element elementor-element-5d98c39 elementor-section-boxed elementor-section-height-default elementor-section-height-default\" data-id=\"5d98c39\" data-element_type=\"section\">\n\t\t\t\t\t\t<div class=\"elementor-container elementor-column-gap-default\">\n\t\t\t\t\t<div class=\"elementor-column elementor-col-100 elementor-top-column elementor-element elementor-element-5159c7d\" data-id=\"5159c7d\" data-element_type=\"column\">\n\t\t\t<div class=\"elementor-widget-wrap elementor-element-populated\">\n\t\t\t\t\t\t<div class=\"elementor-element elementor-element-2d073b6 elementor-widget elementor-widget-text-editor\" data-id=\"2d073b6\" data-element_type=\"widget\" data-widget_type=\"text-editor.default\">\n\t\t\t\t<div class=\"elementor-widget-container\">\n\t\t\t\t\t\t\t<p style=\"text-align: center;\"><span style=\"font-family: 'courier new', courier, monospace; font-size: 11px;\"> Fotografia to niezwyk\u0142e narz\u0119dzie, kt\u00f3re zatrzymuje czas i emocje, ale tak\u017ce pozwala nam zobaczy\u0107 esencje nas samych.\u00a0<\/span><\/p>\t\t\t\t\t\t<\/div>\n\t\t\t\t<\/div>\n\t\t\t\t\t<\/div>\n\t\t<\/div>\n\t\t\t\t\t<\/div>\n\t\t<\/section>\n\t\t\t\t<section class=\"elementor-section elementor-top-section elementor-element elementor-element-5f5c502 elementor-section-boxed elementor-section-height-default elementor-section-height-default\" data-id=\"5f5c502\" data-element_type=\"section\" data-settings=\"{&quot;background_background&quot;:&quot;classic&quot;}\">\n\t\t\t\t\t\t<div class=\"elementor-container elementor-column-gap-default\">\n\t\t\t\t\t<div class=\"elementor-column elementor-col-50 elementor-top-column elementor-element elementor-element-4380124\" data-id=\"4380124\" data-element_type=\"column\">\n\t\t\t<div class=\"elementor-widget-wrap elementor-element-populated\">\n\t\t\t\t\t\t<div class=\"elementor-element elementor-element-6ff2946 elementor-widget elementor-widget-yprm_side_image\" data-id=\"6ff2946\" data-element_type=\"widget\" data-widget_type=\"yprm_side_image.default\">\n\t\t\t\t<div class=\"elementor-widget-container\">\n\t\t\t\t\t\t<div class=\"side-img style-circle align-center\">\n\t\t\t\t<div style=\"background-image:inherit;\" data-bg-image=\"url(https:\/\/anetasiemieniuk.com\/wp-content\/uploads\/2024\/09\/R6B_9152_kopia.webp)\" class=\"lazyload\"><\/div>\n\t\t\t<\/div>\n\t\t\t\t<\/div>\n\t\t\t\t<\/div>\n\t\t\t\t\t<\/div>\n\t\t<\/div>\n\t\t\t\t<div class=\"elementor-column elementor-col-50 elementor-top-column elementor-element elementor-element-9cf9350\" data-id=\"9cf9350\" data-element_type=\"column\" data-settings=\"{&quot;background_background&quot;:&quot;classic&quot;}\">\n\t\t\t<div class=\"elementor-widget-wrap elementor-element-populated\">\n\t\t\t\t\t\t<div class=\"elementor-element elementor-element-a767fe5 elementor-widget elementor-widget-yprm_heading\" data-id=\"a767fe5\" data-element_type=\"widget\" data-widget_type=\"yprm_heading.default\">\n\t\t\t\t<div class=\"elementor-widget-container\">\n\t\t\t\t\t\t<div class=\"heading-block with-line tac\">\n\t\t\t\t\t\t\t\t\t<div class=\"sub-h\">o mnie<\/div>\n\t\t\t\t                  <h2 class=\"h\">Hej!\u2028<br \/>\nJestem Aneta, i ciesz\u0119 si\u0119, \u017ce jeste\u015b u mnie. Serce i dom mam w Warszawie, studiowa\u0142am fotografi\u0119\u00a0w Krakowie, a dzieci\u0144stwo sp\u0119dzi\u0142am w magicznym Bia\u0142ymstoku. <\/h2>\n        \t\t\t<\/div>\n      \t\t\t\t<\/div>\n\t\t\t\t<\/div>\n\t\t\t\t<div class=\"elementor-element elementor-element-83139f5 elementor-widget elementor-widget-text-editor\" data-id=\"83139f5\" data-element_type=\"widget\" data-widget_type=\"text-editor.default\">\n\t\t\t\t<div class=\"elementor-widget-container\">\n\t\t\t\t\t\t\t<p><span style=\"font-weight: 300; line-height: 29px; font-size: 16px;\">Fotografuje ca\u0142\u0105 sob\u0105. Uwielbiam stan flow, kt\u00f3ry si\u0119 pojawia, kiedy stajecie przed obiektywem. Specjalizuje si\u0119 w fotografii, kt\u00f3ra zbli\u017ca moich klient\u00f3w do samych siebie jak i do bliskich os\u00f3b. To wielka rado\u015b\u0107, kiedy po sesji ze mn\u0105 m\u00f3wicie, \u017ce nabieracie pewno\u015bci, \u017ce jeste\u015bcie fotogeniczni i podnosi si\u0119 Wasza samoocena. To sprawia, \u017ce czerpie satysfakcj\u0119 z pracy, kt\u00f3r\u0105 wykonuj\u0119 od ponad dziesi\u0119ciu lat.\u00a0<\/span><\/p>\t\t\t\t\t\t<\/div>\n\t\t\t\t<\/div>\n\t\t\t\t<div class=\"elementor-element elementor-element-8332a54 elementor-widget elementor-widget-yprm_button\" data-id=\"8332a54\" data-element_type=\"widget\" data-widget_type=\"yprm_button.default\">\n\t\t\t\t<div class=\"elementor-widget-container\">\n\t\t\t\r\n\t\t<div class=\"button-container\">\r\n\t\t\t<a class=\"button-elementor button-style2\" href=\"#\" target=\"_self\">\r\n\t\t\t\t\t\t\t\t<span>PRZECZYTAJ WI\u0118CEJ O MNIE<\/span>\r\n\t\t\t\t\t\t\t<\/a>\r\n\t\t<\/div>\r\n\r\n\t\t\t\t<\/div>\n\t\t\t\t<\/div>\n\t\t\t\t\t<\/div>\n\t\t<\/div>\n\t\t\t\t\t<\/div>\n\t\t<\/section>\n\t\t\t\t<section class=\"elementor-section elementor-top-section elementor-element elementor-element-5938989 elementor-section-height-min-height elementor-section-boxed elementor-section-height-default elementor-section-items-middle\" data-id=\"5938989\" data-element_type=\"section\">\n\t\t\t\t\t\t<div class=\"elementor-container elementor-column-gap-narrow\">\n\t\t\t\t\t<div class=\"elementor-column elementor-col-100 elementor-top-column elementor-element elementor-element-149ba05\" data-id=\"149ba05\" data-element_type=\"column\">\n\t\t\t<div class=\"elementor-widget-wrap elementor-element-populated\">\n\t\t\t\t\t\t<div class=\"elementor-element elementor-element-abaa40b elementor-widget elementor-widget-heading\" data-id=\"abaa40b\" data-element_type=\"widget\" data-widget_type=\"heading.default\">\n\t\t\t\t<div class=\"elementor-widget-container\">\n\t\t\t<h2 class=\"elementor-heading-title elementor-size-medium\">Kontakt do mnie<\/h2>\t\t<\/div>\n\t\t\t\t<\/div>\n\t\t\t\t<div class=\"elementor-element elementor-element-d29f133 elementor-widget elementor-widget-elementskit-contact-form7\" data-id=\"d29f133\" data-element_type=\"widget\" data-widget_type=\"elementskit-contact-form7.default\">\n\t\t\t\t<div class=\"elementor-widget-container\">\n\t\t\t<div class=\"ekit-wid-con\" ><div class=\"ekit-form\">\n<div class=\"wpcf7 no-js\" id=\"wpcf7-f34-o1\" lang=\"pl-PL\" dir=\"ltr\" data-wpcf7-id=\"34\">\n<div class=\"screen-reader-response\"><p role=\"status\" aria-live=\"polite\" aria-atomic=\"true\"><\/p> <ul><\/ul><\/div>\n<form action=\"\/index.php\/wp-json\/wp\/v2\/pages\/3249#wpcf7-f34-o1\" method=\"post\" class=\"wpcf7-form init\" aria-label=\"Formularz kontaktowy\" novalidate=\"novalidate\" data-status=\"init\">\n<div style=\"display: none;\">\n<input type=\"hidden\" name=\"_wpcf7\" value=\"34\" \/>\n<input type=\"hidden\" name=\"_wpcf7_version\" value=\"6.0.5\" \/>\n<input type=\"hidden\" name=\"_wpcf7_locale\" value=\"pl_PL\" \/>\n<input type=\"hidden\" name=\"_wpcf7_unit_tag\" value=\"wpcf7-f34-o1\" \/>\n<input type=\"hidden\" name=\"_wpcf7_container_post\" value=\"0\" \/>\n<input type=\"hidden\" name=\"_wpcf7_posted_data_hash\" value=\"\" \/>\n<\/div>\n<label> Twoje imi\u0119\n    <span class=\"wpcf7-form-control-wrap\" data-name=\"your-name\"><input size=\"40\" maxlength=\"400\" class=\"wpcf7-form-control wpcf7-text wpcf7-validates-as-required\" aria-required=\"true\" aria-invalid=\"false\" value=\"\" type=\"text\" name=\"your-name\" \/><\/span> <\/label>\n\n<label> Tw\u00f3j mail\n    <span class=\"wpcf7-form-control-wrap\" data-name=\"your-email\"><input size=\"40\" maxlength=\"400\" class=\"wpcf7-form-control wpcf7-email wpcf7-validates-as-required wpcf7-text wpcf7-validates-as-email\" aria-required=\"true\" aria-invalid=\"false\" value=\"\" type=\"email\" name=\"your-email\" \/><\/span> <\/label>\n\n<label> Temat\n    <span class=\"wpcf7-form-control-wrap\" data-name=\"your-subject\"><input size=\"40\" maxlength=\"400\" class=\"wpcf7-form-control wpcf7-text wpcf7-validates-as-required\" aria-required=\"true\" aria-invalid=\"false\" value=\"\" type=\"text\" name=\"your-subject\" \/><\/span> <\/label>\n\n<label> Twoja wiadomo\u015b\u0107     <span class=\"wpcf7-form-control-wrap\" data-name=\"your-message\"><textarea cols=\"40\" rows=\"10\" maxlength=\"2000\" class=\"wpcf7-form-control wpcf7-textarea\" aria-invalid=\"false\" name=\"your-message\"><\/textarea><\/span> <\/label>\n\n<input class=\"wpcf7-form-control wpcf7-submit has-spinner\" type=\"submit\" value=\"Zatwierd\u017a\" \/><div class=\"wpcf7-response-output\" aria-hidden=\"true\"><\/div>\n<\/form>\n<\/div>\n<\/div><\/div>\t\t<\/div>\n\t\t\t\t<\/div>\n\t\t\t\t\t<\/div>\n\t\t<\/div>\n\t\t\t\t\t<\/div>\n\t\t<\/section>\n\t\t\t\t<section class=\"elementor-section elementor-top-section elementor-element elementor-element-5e6a056 elementor-section-full_width elementor-section-height-default elementor-section-height-default\" data-id=\"5e6a056\" data-element_type=\"section\">\n\t\t\t\t\t\t<div class=\"elementor-container elementor-column-gap-no\">\n\t\t\t\t\t<div class=\"elementor-column elementor-col-100 elementor-top-column elementor-element elementor-element-426fe45\" data-id=\"426fe45\" data-element_type=\"column\">\n\t\t\t<div class=\"elementor-widget-wrap elementor-element-populated\">\n\t\t\t\t\t\t<div class=\"elementor-element elementor-element-56cece9 elementor-widget elementor-widget-yprm_photo_carousel\" data-id=\"56cece9\" data-element_type=\"widget\" data-widget_type=\"yprm_photo_carousel.default\">\n\t\t\t\t<div class=\"elementor-widget-container\">\n\t\t\t\t    \t<div class=\"photo-carousel\" data-banner-settings=\"{&quot;loop&quot;:true,&quot;autoplay&quot;:true,&quot;arrows&quot;:true,&quot;autoplay_speed&quot;:5000,&quot;speed&quot;:300}\">\n\t    \t\t\t\t\t\t\t\t<a class=\"button-style1\" href=\"http:\/\/www.instagram.com\/aneta.siemieniuk.fotografia\" target=\"_blank\"  rel=\"nofollow\">\n\t\t\t\t\t\t\t<i aria-hidden=\"true\" class=\"fab fa-instagram\"><\/i>\t\t\t\t\t\t\tFollow me\t\t\t\t\t\t<\/a>\n\t\t\t\t\t\t\t\t\t<div class=\"carousel\">\n\t\t\t\t\t\t\t\t\t    \t<div class=\"item lazyload\" style=\"background-image:inherit;\" data-bg-image=\"url(https:\/\/anetasiemieniuk.com\/wp-content\/uploads\/2024\/07\/IMG_0572-e1720209929103-1024x1024.png )\"><\/div>\n\t\t\t\t    \t\t\t\t    \t<div class=\"item lazyload\" style=\"background-image:inherit;\" data-bg-image=\"url(https:\/\/anetasiemieniuk.com\/wp-content\/uploads\/2024\/07\/IMG_2810-683x1024.png )\"><\/div>\n\t\t\t\t    \t\t\t\t    \t<div class=\"item lazyload\" style=\"background-image:inherit;\" data-bg-image=\"url(https:\/\/anetasiemieniuk.com\/wp-content\/uploads\/2024\/07\/IMGC2767-683x1024.png )\"><\/div>\n\t\t\t\t    \t\t\t\t    \t<div class=\"item lazyload\" style=\"background-image:inherit;\" data-bg-image=\"url(https:\/\/anetasiemieniuk.com\/wp-content\/uploads\/2024\/07\/0475_IMG_5004-683x1024.png )\"><\/div>\n\t\t\t\t    \t\t\t\t    \t<div class=\"item lazyload\" style=\"background-image:inherit;\" data-bg-image=\"url(https:\/\/anetasiemieniuk.com\/wp-content\/uploads\/2024\/07\/IMG_1051-2-1-e1720210020665-1024x1024.png )\"><\/div>\n\t\t\t\t    \t\t\t\t    \t<div class=\"item lazyload\" style=\"background-image:inherit;\" data-bg-image=\"url(https:\/\/anetasiemieniuk.com\/wp-content\/uploads\/2024\/07\/IMGC8527-683x1024.png )\"><\/div>\n\t\t\t\t    \t\t\t\t    \t<div class=\"item lazyload\" style=\"background-image:inherit;\" data-bg-image=\"url(https:\/\/anetasiemieniuk.com\/wp-content\/uploads\/2024\/07\/IMG_1509-e1720210675997-1024x1024.png )\"><\/div>\n\t\t\t\t    \t\t\t\t    \t<div class=\"item lazyload\" style=\"background-image:inherit;\" data-bg-image=\"url(https:\/\/anetasiemieniuk.com\/wp-content\/uploads\/2024\/07\/1097_IMG_2908-683x1024.png )\"><\/div>\n\t\t\t\t    \t\t\t\t    \t<div class=\"item lazyload\" style=\"background-image:inherit;\" data-bg-image=\"url(https:\/\/anetasiemieniuk.com\/wp-content\/uploads\/2024\/07\/zdj-na-strone-10_-1-1024x683.png )\"><\/div>\n\t\t\t\t    \t\t\t\t    \t<div class=\"item lazyload\" style=\"background-image:inherit;\" data-bg-image=\"url(https:\/\/anetasiemieniuk.com\/wp-content\/uploads\/2024\/07\/IMG_7805-e1720210720847-1024x1019.png )\"><\/div>\n\t\t\t\t    \t\t\t\t<\/div>\n\t    \t<\/div>\t\n\t    \t\t<\/div>\n\t\t\t\t<\/div>\n\t\t\t\t\t<\/div>\n\t\t<\/div>\n\t\t\t\t\t<\/div>\n\t\t<\/section>\n\t\t\t\t<section class=\"elementor-section elementor-top-section elementor-element elementor-element-2ad6b44 elementor-section-boxed elementor-section-height-default elementor-section-height-default\" data-id=\"2ad6b44\" data-element_type=\"section\">\n\t\t\t\t\t\t<div class=\"elementor-container elementor-column-gap-default\">\n\t\t\t\t\t<div class=\"elementor-column elementor-col-100 elementor-top-column elementor-element elementor-element-a96fdf0\" data-id=\"a96fdf0\" data-element_type=\"column\">\n\t\t\t<div class=\"elementor-widget-wrap elementor-element-populated\">\n\t\t\t\t\t\t\t<\/div>\n\t\t<\/div>\n\t\t\t\t\t<\/div>\n\t\t<\/section>\n\t\t\t\t<\/div>\n\t\t","protected":false},"excerpt":{"rendered":"<p>Fotografia to niezwyk\u0142e narz\u0119dzie, kt\u00f3re zatrzymuje czas i emocje, ale tak\u017ce pozwala nam zobaczy\u0107 esencje nas samych.\u00a0 o mnie Hej!\u2028 Jestem Aneta, i ciesz\u0119 si\u0119, \u017ce jeste\u015b u mnie. Serce i dom mam w Warszawie, studiowa\u0142am fotografi\u0119\u00a0w Krakowie, a dzieci\u0144stwo sp\u0119dzi\u0142am w magicznym Bia\u0142ymstoku. Fotografuje ca\u0142\u0105 sob\u0105. Uwielbiam stan flow, kt\u00f3ry si\u0119 pojawia, kiedy stajecie [&hellip;]<\/p>\n","protected":false},"author":1,"featured_media":0,"parent":0,"menu_order":0,"comment_status":"closed","ping_status":"closed","template":"template-landing.php","meta":{"_acf_changed":false,"footnotes":""},"class_list":["post-3249","page","type-page","status-publish","hentry"],"acf":[],"_links":{"self":[{"href":"https:\/\/anetasiemieniuk.com\/index.php\/wp-json\/wp\/v2\/pages\/3249","targetHints":{"allow":["GET"]}}],"collection":[{"href":"https:\/\/anetasiemieniuk.com\/index.php\/wp-json\/wp\/v2\/pages"}],"about":[{"href":"https:\/\/anetasiemieniuk.com\/index.php\/wp-json\/wp\/v2\/types\/page"}],"author":[{"embeddable":true,"href":"https:\/\/anetasiemieniuk.com\/index.php\/wp-json\/wp\/v2\/users\/1"}],"replies":[{"embeddable":true,"href":"https:\/\/anetasiemieniuk.com\/index.php\/wp-json\/wp\/v2\/comments?post=3249"}],"version-history":[{"count":0,"href":"https:\/\/anetasiemieniuk.com\/index.php\/wp-json\/wp\/v2\/pages\/3249\/revisions"}],"wp:attachment":[{"href":"https:\/\/anetasiemieniuk.com\/index.php\/wp-json\/wp\/v2\/media?parent=3249"}],"curies":[{"name":"wp","href":"https:\/\/api.w.org\/{rel}","templated":true}]}}