{"id":3771,"date":"2024-08-25T14:18:22","date_gmt":"2024-08-25T12:18:22","guid":{"rendered":"https:\/\/anetasiemieniuk.com\/?page_id=3771"},"modified":"2025-03-24T15:27:53","modified_gmt":"2025-03-24T14:27:53","slug":"fotografia-slubna","status":"publish","type":"page","link":"https:\/\/anetasiemieniuk.com\/index.php\/fotografia-slubna\/","title":{"rendered":"Fotografia \u015blubna"},"content":{"rendered":"\t\t<div data-elementor-type=\"wp-page\" data-elementor-id=\"3771\" class=\"elementor elementor-3771\">\n\t\t\t\t\t\t<section class=\"elementor-section elementor-top-section elementor-element elementor-element-04e0150 elementor-section-full_width elementor-section-stretched elementor-section-height-default elementor-section-height-default\" data-id=\"04e0150\" data-element_type=\"section\" data-settings=\"{&quot;stretch_section&quot;:&quot;section-stretched&quot;,&quot;background_background&quot;:&quot;classic&quot;}\">\n\t\t\t\t\t\t<div class=\"elementor-container elementor-column-gap-default\">\n\t\t\t\t\t<div class=\"elementor-column elementor-col-33 elementor-top-column elementor-element elementor-element-38e65e0\" data-id=\"38e65e0\" data-element_type=\"column\">\n\t\t\t<div class=\"elementor-widget-wrap elementor-element-populated\">\n\t\t\t\t\t\t<div class=\"elementor-element elementor-element-da292da elementor-widget elementor-widget-image\" data-id=\"da292da\" data-element_type=\"widget\" data-widget_type=\"image.default\">\n\t\t\t\t<div class=\"elementor-widget-container\">\n\t\t\t\t\t\t\t\t\t\t\t\t\t<img decoding=\"async\" data-src=\"https:\/\/anetasiemieniuk.com\/wp-content\/plugins\/elementor\/assets\/images\/placeholder.png\" title=\"\" alt=\"\" loading=\"lazy\" src=\"data:image\/gif;base64,R0lGODlhAQABAAAAACH5BAEKAAEALAAAAAABAAEAAAICTAEAOw==\" class=\"lazyload\" \/><noscript><img decoding=\"async\" src=\"https:\/\/anetasiemieniuk.com\/wp-content\/plugins\/elementor\/assets\/images\/placeholder.png\" title=\"\" alt=\"\" loading=\"lazy\" \/><\/noscript>\t\t\t\t\t\t\t\t\t\t\t\t\t<\/div>\n\t\t\t\t<\/div>\n\t\t\t\t\t<\/div>\n\t\t<\/div>\n\t\t\t\t<div class=\"elementor-column elementor-col-66 elementor-top-column elementor-element elementor-element-5a7ac44\" data-id=\"5a7ac44\" data-element_type=\"column\">\n\t\t\t<div class=\"elementor-widget-wrap elementor-element-populated\">\n\t\t\t\t\t\t<div class=\"elementor-element elementor-element-4fcc666 elementor-widget elementor-widget-text-editor\" data-id=\"4fcc666\" data-element_type=\"widget\" data-widget_type=\"text-editor.default\">\n\t\t\t\t<div class=\"elementor-widget-container\">\n\t\t\t\t\t\t\t<p>Jakie macie marzenia wobec swojego wymarzonego dnia z drug\u0105 po\u0142\u00f3wk\u0105?<br \/>Czy chcecie go sp\u0119dzi\u0107 w przyjacielskiej i swobodnej atmosferze? Mie\u0107 fotografa z kt\u00f3rym mo\u017cna by\u0107<br \/>sob\u0105? I takiego kt\u00f3ry je\u015bli potrzebujecie si\u0119 uspokoi\u0107 to jest jak ostoja i wprowadza optymizm?<br \/>Je\u015bli tak, to zapraszam na przygod\u0119 ze mn\u0105.<br \/>Jak to powiedzieli moi klienci \u201ekoj\u0119 swoj\u0105 obecno\u015bci\u0105\u201d.<br \/>Prze\u0142amuje bariery i granice. Taka w\u0142a\u015bnie jestem. Przyjacielska, lu\u017ana. Dla Was.<br \/>Pomagam Wam przygotowa\u0107 si\u0119 do sesji czy do reporta\u017cu \u015blubnego, ale tak\u017ce kiedy potrzebujecie<br \/>porady czy rekomendacji to jestem.<br \/>Zapisz si\u0119 tutaj<br \/>Przyk\u0142adowe sesje i reporta\u017ce mo\u017cesz zobaczy\u0107 tutaj<\/p>\t\t\t\t\t\t<\/div>\n\t\t\t\t<\/div>\n\t\t\t\t\t<\/div>\n\t\t<\/div>\n\t\t\t\t\t<\/div>\n\t\t<\/section>\n\t\t\t\t<\/div>\n\t\t","protected":false},"excerpt":{"rendered":"<p>Jakie macie marzenia wobec swojego wymarzonego dnia z drug\u0105 po\u0142\u00f3wk\u0105?Czy chcecie go sp\u0119dzi\u0107 w przyjacielskiej i swobodnej atmosferze? Mie\u0107 fotografa z kt\u00f3rym mo\u017cna by\u0107sob\u0105? I takiego kt\u00f3ry je\u015bli potrzebujecie si\u0119 uspokoi\u0107 to jest jak ostoja i wprowadza optymizm?Je\u015bli tak, to zapraszam na przygod\u0119 ze mn\u0105.Jak to powiedzieli moi klienci \u201ekoj\u0119 swoj\u0105 obecno\u015bci\u0105\u201d.Prze\u0142amuje bariery i granice. [&hellip;]<\/p>\n","protected":false},"author":1,"featured_media":0,"parent":0,"menu_order":0,"comment_status":"closed","ping_status":"closed","template":"","meta":{"_acf_changed":false,"footnotes":""},"class_list":["post-3771","page","type-page","status-publish","hentry"],"acf":[],"_links":{"self":[{"href":"https:\/\/anetasiemieniuk.com\/index.php\/wp-json\/wp\/v2\/pages\/3771","targetHints":{"allow":["GET"]}}],"collection":[{"href":"https:\/\/anetasiemieniuk.com\/index.php\/wp-json\/wp\/v2\/pages"}],"about":[{"href":"https:\/\/anetasiemieniuk.com\/index.php\/wp-json\/wp\/v2\/types\/page"}],"author":[{"embeddable":true,"href":"https:\/\/anetasiemieniuk.com\/index.php\/wp-json\/wp\/v2\/users\/1"}],"replies":[{"embeddable":true,"href":"https:\/\/anetasiemieniuk.com\/index.php\/wp-json\/wp\/v2\/comments?post=3771"}],"version-history":[{"count":0,"href":"https:\/\/anetasiemieniuk.com\/index.php\/wp-json\/wp\/v2\/pages\/3771\/revisions"}],"wp:attachment":[{"href":"https:\/\/anetasiemieniuk.com\/index.php\/wp-json\/wp\/v2\/media?parent=3771"}],"curies":[{"name":"wp","href":"https:\/\/api.w.org\/{rel}","templated":true}]}}