{"id":3774,"date":"2024-08-25T14:18:46","date_gmt":"2024-08-25T12:18:46","guid":{"rendered":"https:\/\/anetasiemieniuk.com\/?page_id=3774"},"modified":"2025-03-24T15:27:54","modified_gmt":"2025-03-24T14:27:54","slug":"sesja-narzeczenska","status":"publish","type":"page","link":"https:\/\/anetasiemieniuk.com\/index.php\/sesja-narzeczenska\/","title":{"rendered":"Sesja narzecze\u0144ska"},"content":{"rendered":"\t\t<div data-elementor-type=\"wp-page\" data-elementor-id=\"3774\" class=\"elementor elementor-3774\">\n\t\t\t\t\t\t<section class=\"elementor-section elementor-top-section elementor-element elementor-element-76d26d0 elementor-section-full_width elementor-section-stretched elementor-section-height-default elementor-section-height-default\" data-id=\"76d26d0\" data-element_type=\"section\" data-settings=\"{&quot;stretch_section&quot;:&quot;section-stretched&quot;,&quot;background_background&quot;:&quot;classic&quot;}\">\n\t\t\t\t\t\t<div class=\"elementor-container elementor-column-gap-default\">\n\t\t\t\t\t<div class=\"elementor-column elementor-col-66 elementor-top-column elementor-element elementor-element-b455cae\" data-id=\"b455cae\" data-element_type=\"column\">\n\t\t\t<div class=\"elementor-widget-wrap elementor-element-populated\">\n\t\t\t\t\t\t<div class=\"elementor-element elementor-element-3aaddb7 elementor-widget elementor-widget-text-editor\" data-id=\"3aaddb7\" data-element_type=\"widget\" data-widget_type=\"text-editor.default\">\n\t\t\t\t<div class=\"elementor-widget-container\">\n\t\t\t\t\t\t\t<p style=\"text-align: center;\">Zatrzyma\u0107 stan zakochania na zawsze?<br \/>Tak! Fotografia Wam w tym pomo\u017ce.<br \/>Sesja narzecze\u0144ska to jedna z tych wyj\u0105tkowych okazji, aby zatrzyma\u0107 ten wyj\u0105tkowy moment<br \/>Waszego \u017cycia. To moment celebracji, chwili zatrzymania, chwili dla Was. Na sesji bawimy si\u0119,<br \/>robimy wszystko co Wam w duszy gra. Najwa\u017cniejsi jeste\u015bcie Wy.<br \/>Sesja jest okazj\u0105 do tego, \u017ceby prze\u017cy\u0107 razem przygod\u0119, bawi\u0107 si\u0119 i zrobi\u0107 now\u0105 rzecz razem. Sesja<br \/>narzecze\u0144ska pomo\u017ce Wam te\u017c poczu\u0107 si\u0119 swobodnie przed aparatem w dniu \u015blubu. Wiele par<br \/>potwierdza to, \u017ce by\u0142 to \u015bwietny pomys\u0142, bo nie przejmowali si\u0119 aparatem w dniu \u015blubu, bo mieli<br \/>zaufanie do mnie i do tego, \u017ce wyjd\u0105.<br \/>Pami\u0119tajcie, \u017ce jestem tutaj po to, \u017ceby uj\u0105\u0107 Was jak najpi\u0119kniej i zatrzyma\u0107 Wasz\u0105 mi\u0142o\u015b\u0107 w kadrach<br \/>na zawsze.<br \/>Przy sesji narzecze\u0144skiej pomagam w przygotowaniu, dobraniu stroj\u00f3w, pomagam znale\u017a\u0107 Wasze<br \/>miejsce na sesje.<br \/>Zapis na sesje narzecze\u0144sk\u0105 tutaj<br \/>Przyk\u0142adowe sesje narzecze\u0144skie mo\u017cesz zobaczy\u0107 tutaj<\/p>\t\t\t\t\t\t<\/div>\n\t\t\t\t<\/div>\n\t\t\t\t\t<\/div>\n\t\t<\/div>\n\t\t\t\t<div class=\"elementor-column elementor-col-33 elementor-top-column elementor-element elementor-element-249fb48\" data-id=\"249fb48\" data-element_type=\"column\">\n\t\t\t<div class=\"elementor-widget-wrap elementor-element-populated\">\n\t\t\t\t\t\t<div class=\"elementor-element elementor-element-29b0484 elementor-widget elementor-widget-image\" data-id=\"29b0484\" data-element_type=\"widget\" data-widget_type=\"image.default\">\n\t\t\t\t<div class=\"elementor-widget-container\">\n\t\t\t\t\t\t\t\t\t\t\t\t\t<img decoding=\"async\" data-src=\"https:\/\/anetasiemieniuk.com\/wp-content\/plugins\/elementor\/assets\/images\/placeholder.png\" title=\"\" alt=\"\" loading=\"lazy\" src=\"data:image\/gif;base64,R0lGODlhAQABAAAAACH5BAEKAAEALAAAAAABAAEAAAICTAEAOw==\" class=\"lazyload\" \/><noscript><img decoding=\"async\" src=\"https:\/\/anetasiemieniuk.com\/wp-content\/plugins\/elementor\/assets\/images\/placeholder.png\" title=\"\" alt=\"\" loading=\"lazy\" \/><\/noscript>\t\t\t\t\t\t\t\t\t\t\t\t\t<\/div>\n\t\t\t\t<\/div>\n\t\t\t\t\t<\/div>\n\t\t<\/div>\n\t\t\t\t\t<\/div>\n\t\t<\/section>\n\t\t\t\t<\/div>\n\t\t","protected":false},"excerpt":{"rendered":"<p>Zatrzyma\u0107 stan zakochania na zawsze?Tak! Fotografia Wam w tym pomo\u017ce.Sesja narzecze\u0144ska to jedna z tych wyj\u0105tkowych okazji, aby zatrzyma\u0107 ten wyj\u0105tkowy momentWaszego \u017cycia. To moment celebracji, chwili zatrzymania, chwili dla Was. Na sesji bawimy si\u0119,robimy wszystko co Wam w duszy gra. Najwa\u017cniejsi jeste\u015bcie Wy.Sesja jest okazj\u0105 do tego, \u017ceby prze\u017cy\u0107 razem przygod\u0119, bawi\u0107 si\u0119 i [&hellip;]<\/p>\n","protected":false},"author":1,"featured_media":0,"parent":0,"menu_order":0,"comment_status":"closed","ping_status":"closed","template":"","meta":{"_acf_changed":false,"footnotes":""},"class_list":["post-3774","page","type-page","status-publish","hentry"],"acf":[],"_links":{"self":[{"href":"https:\/\/anetasiemieniuk.com\/index.php\/wp-json\/wp\/v2\/pages\/3774","targetHints":{"allow":["GET"]}}],"collection":[{"href":"https:\/\/anetasiemieniuk.com\/index.php\/wp-json\/wp\/v2\/pages"}],"about":[{"href":"https:\/\/anetasiemieniuk.com\/index.php\/wp-json\/wp\/v2\/types\/page"}],"author":[{"embeddable":true,"href":"https:\/\/anetasiemieniuk.com\/index.php\/wp-json\/wp\/v2\/users\/1"}],"replies":[{"embeddable":true,"href":"https:\/\/anetasiemieniuk.com\/index.php\/wp-json\/wp\/v2\/comments?post=3774"}],"version-history":[{"count":0,"href":"https:\/\/anetasiemieniuk.com\/index.php\/wp-json\/wp\/v2\/pages\/3774\/revisions"}],"wp:attachment":[{"href":"https:\/\/anetasiemieniuk.com\/index.php\/wp-json\/wp\/v2\/media?parent=3774"}],"curies":[{"name":"wp","href":"https:\/\/api.w.org\/{rel}","templated":true}]}}