{"id":3780,"date":"2024-08-25T14:23:44","date_gmt":"2024-08-25T12:23:44","guid":{"rendered":"https:\/\/anetasiemieniuk.com\/?page_id=3780"},"modified":"2025-03-24T15:27:54","modified_gmt":"2025-03-24T14:27:54","slug":"sesja-meska","status":"publish","type":"page","link":"https:\/\/anetasiemieniuk.com\/index.php\/sesja-meska\/","title":{"rendered":"Sesja m\u0119ska"},"content":{"rendered":"\t\t<div data-elementor-type=\"wp-page\" data-elementor-id=\"3780\" class=\"elementor elementor-3780\">\n\t\t\t\t\t\t<section class=\"elementor-section elementor-top-section elementor-element elementor-element-bc40ebd elementor-section-full_width elementor-section-stretched elementor-section-height-default elementor-section-height-default\" data-id=\"bc40ebd\" data-element_type=\"section\" data-settings=\"{&quot;stretch_section&quot;:&quot;section-stretched&quot;,&quot;background_background&quot;:&quot;classic&quot;}\">\n\t\t\t\t\t\t<div class=\"elementor-container elementor-column-gap-default\">\n\t\t\t\t\t<div class=\"elementor-column elementor-col-66 elementor-top-column elementor-element elementor-element-2e43a81\" data-id=\"2e43a81\" data-element_type=\"column\">\n\t\t\t<div class=\"elementor-widget-wrap elementor-element-populated\">\n\t\t\t\t\t\t<div class=\"elementor-element elementor-element-181e7fd elementor-widget elementor-widget-text-editor\" data-id=\"181e7fd\" data-element_type=\"widget\" data-widget_type=\"text-editor.default\">\n\t\t\t\t<div class=\"elementor-widget-container\">\n\t\t\t\t\t\t\t<p>Jaki jeste\u015b? Jakiego chcia\u0142aby\u015b siebie widzie\u0107?<br \/>Silnego? Atrakcyjnego? Czy chcesz zbudowa\u0107 sw\u00f3j autentyczny m\u0119ski wizerunek?<br \/>Sesje fotograficzne umacniaj\u0105 nas w tym jacy jeste\u015bmy. Widzimy, co sob\u0105 reprezentujemy i jak\u0105 si\u0142\u0119<br \/>mamy.<br \/>Zobaczysz, jak pi\u0119kne s\u0105 emocje i cia\u0142o, bez wzgl\u0119du na wiek!<br \/>Sprawi\u0119, \u017ce poczujesz si\u0119 naprawd\u0119 wyj\u0105tkowo, a ten dzie\u0144 na zawsze zostanie w Twojej pami\u0119ci.<br \/>Spojrzysz na siebie w zupe\u0142nie nowy spos\u00f3b i, mam nadziej\u0119, na nowo \u2013 pokochasz samego siebie!<br \/>Zatrzymamy Twoje m\u0119skie pi\u0119kno i natur\u0119.<br \/>Je\u015bli szukasz sprawdzonego prezentu dla siebie samego, czy dla ukochanej to jest to strza\u0142 w dziesi\u0105tk\u0119.<br \/>Sesja odbywa si\u0119 w studio, plenerze, albo we wn\u0119trzu w kt\u00f3rym czujesz si\u0119 komfortowo.<br \/>Zrobi\u0119 Ci zdj\u0119cia, kt\u00f3re przyjemno\u015bci\u0105 wydrukujesz i powiesisz w domu i do kt\u00f3rych b\u0119dziesz wraca\u0107 w ka\u017cdym momencie, w kt\u00f3rym b\u0119dziesz potrzebowa\u0142 doceni\u0107 samego siebie.<br \/>Robi\u0119 zdj\u0119cia z tak\u0105 energi\u0105 i zaanga\u017cowaniem, jakie sama chcia\u0142abym mie\u0107. Wszystko ze smakiem i<br \/>w Twoich granicach. To Ty masz kontrole, kt\u00f3re zdj\u0119cia id\u0105 do postprodukcji.<br \/>Na sesji panuje atmosfera pe\u0142na zrozumienia, akceptacji i zauwa\u017cenia wszystkiego, co w Tobie najlepsze. Je\u015bli si\u0119 wstydzisz, obawiasz, czego\u015b &#8211; zawsze mo\u017cemy o tym porozmawia\u0107 przed sesj\u0105.<br \/>Rozwieje wszelkie Twoje obawy.<br \/>Twoje przeczucie przyprowadzi\u0142o Ci\u0119 w to miejsce nie bez przyczyny.<br \/>Mo\u017cesz mi w pe\u0142ni zaufa\u0107 i stworzy\u0107 sesj\u0119, o jakiej marzysz.<br \/>Zapisz si\u0119 tutaj<br \/>Przyk\u0142adowe sesje m\u0119skie mo\u017cesz zobaczy\u0107 tutaj<\/p>\t\t\t\t\t\t<\/div>\n\t\t\t\t<\/div>\n\t\t\t\t\t<\/div>\n\t\t<\/div>\n\t\t\t\t<div class=\"elementor-column elementor-col-33 elementor-top-column elementor-element elementor-element-ad885f3\" data-id=\"ad885f3\" data-element_type=\"column\">\n\t\t\t<div class=\"elementor-widget-wrap elementor-element-populated\">\n\t\t\t\t\t\t<div class=\"elementor-element elementor-element-0eadfb9 elementor-widget elementor-widget-image\" data-id=\"0eadfb9\" data-element_type=\"widget\" data-widget_type=\"image.default\">\n\t\t\t\t<div class=\"elementor-widget-container\">\n\t\t\t\t\t\t\t\t\t\t\t\t\t<img decoding=\"async\" data-src=\"https:\/\/anetasiemieniuk.com\/wp-content\/plugins\/elementor\/assets\/images\/placeholder.png\" title=\"\" alt=\"\" loading=\"lazy\" src=\"data:image\/gif;base64,R0lGODlhAQABAAAAACH5BAEKAAEALAAAAAABAAEAAAICTAEAOw==\" class=\"lazyload\" \/><noscript><img decoding=\"async\" src=\"https:\/\/anetasiemieniuk.com\/wp-content\/plugins\/elementor\/assets\/images\/placeholder.png\" title=\"\" alt=\"\" loading=\"lazy\" \/><\/noscript>\t\t\t\t\t\t\t\t\t\t\t\t\t<\/div>\n\t\t\t\t<\/div>\n\t\t\t\t\t<\/div>\n\t\t<\/div>\n\t\t\t\t\t<\/div>\n\t\t<\/section>\n\t\t\t\t<\/div>\n\t\t","protected":false},"excerpt":{"rendered":"<p>Jaki jeste\u015b? Jakiego chcia\u0142aby\u015b siebie widzie\u0107?Silnego? Atrakcyjnego? Czy chcesz zbudowa\u0107 sw\u00f3j autentyczny m\u0119ski wizerunek?Sesje fotograficzne umacniaj\u0105 nas w tym jacy jeste\u015bmy. Widzimy, co sob\u0105 reprezentujemy i jak\u0105 si\u0142\u0119mamy.Zobaczysz, jak pi\u0119kne s\u0105 emocje i cia\u0142o, bez wzgl\u0119du na wiek!Sprawi\u0119, \u017ce poczujesz si\u0119 naprawd\u0119 wyj\u0105tkowo, a ten dzie\u0144 na zawsze zostanie w Twojej pami\u0119ci.Spojrzysz na siebie w [&hellip;]<\/p>\n","protected":false},"author":1,"featured_media":0,"parent":0,"menu_order":0,"comment_status":"closed","ping_status":"closed","template":"","meta":{"_acf_changed":false,"footnotes":""},"class_list":["post-3780","page","type-page","status-publish","hentry"],"acf":[],"_links":{"self":[{"href":"https:\/\/anetasiemieniuk.com\/index.php\/wp-json\/wp\/v2\/pages\/3780","targetHints":{"allow":["GET"]}}],"collection":[{"href":"https:\/\/anetasiemieniuk.com\/index.php\/wp-json\/wp\/v2\/pages"}],"about":[{"href":"https:\/\/anetasiemieniuk.com\/index.php\/wp-json\/wp\/v2\/types\/page"}],"author":[{"embeddable":true,"href":"https:\/\/anetasiemieniuk.com\/index.php\/wp-json\/wp\/v2\/users\/1"}],"replies":[{"embeddable":true,"href":"https:\/\/anetasiemieniuk.com\/index.php\/wp-json\/wp\/v2\/comments?post=3780"}],"version-history":[{"count":0,"href":"https:\/\/anetasiemieniuk.com\/index.php\/wp-json\/wp\/v2\/pages\/3780\/revisions"}],"wp:attachment":[{"href":"https:\/\/anetasiemieniuk.com\/index.php\/wp-json\/wp\/v2\/media?parent=3780"}],"curies":[{"name":"wp","href":"https:\/\/api.w.org\/{rel}","templated":true}]}}